{"id":186,"date":"2026-01-31T14:38:08","date_gmt":"2026-01-31T13:38:08","guid":{"rendered":"https:\/\/lajoska.kingdroid.eu\/?post_type=product&#038;p=186"},"modified":"2026-01-31T15:18:55","modified_gmt":"2026-01-31T14:18:55","slug":"detergent-masina-de-spalat-vase-frosch","status":"publish","type":"product","link":"https:\/\/lajoska.kingdroid.eu\/index.php\/termek\/detergent-masina-de-spalat-vase-frosch\/","title":{"rendered":"detergent masina de spalat vase frosch"},"content":{"rendered":"<p><a href=\"https:\/\/lajoska.kingdroid.eu\/wp-content\/uploads\/2026\/01\/letoltes-8.jpg\"><img loading=\"lazy\" decoding=\"async\" class=\"alignnone size-full wp-image-187\" src=\"https:\/\/lajoska.kingdroid.eu\/wp-content\/uploads\/2026\/01\/letoltes-8.jpg\" alt=\"\" width=\"189\" height=\"267\" \/><\/a><\/p>\n<div>\n<div class=\"kc kd ds cl ke\" data-dmid=\"Descrierea produsului-header-content\">Descrierea produsului<\/div>\n<\/div>\n<div class=\"ac ej gl kg kh fw ki\" data-dmid=\"Descrierea produsului-content\">\n<div class=\"flex flex-col gap-m mt-xxxs\">\n<div>\n<ul class=\"flex flex-col gap-xxs m-0 pl-xs\">\n<li>cur\u0103\u021bare puternic\u0103 \u0219i str\u0103lucire<\/li>\n<li>carton ecologic realizat din h\u00e2rtie reciclat\u0103 95%.<\/li>\n<li>70 de comprimate cu ambalaj solubil \u00een ap\u0103<\/li>\n<li>ingrediente vegetale<\/li>\n<li>f\u0103r\u0103 microplastic<\/li>\n<\/ul>\n<\/div>\n<div>\n<div class=\"whitespace-pre-line\">\n<div>Detergentul Tablete pentru ma\u0219ina de sp\u0103lat vase Frosch Lime Classic are o ac\u021biune puternic\u0103 de cur\u0103\u021bare \u00een ma\u0219ina de sp\u0103lat vase \u0219i ofer\u0103 vaselor \u0219i sticlei o str\u0103lucire impecabil\u0103. Formula sigur\u0103 pentru alimente bazat\u0103 pe materii prime regenerabile ofer\u0103 urm\u0103toarele beneficii: CUR\u0102\u021aARE: dizolv\u0103 resturile de alimente uscate \u0219i petele persistente de ceai cu sod\u0103 natural\u0103 PROTEC\u021aIA STICLEI: contracareaz\u0103 \u00eentunecarea sticlei \u0219i men\u021bine transparen\u021ba \u0219i str\u0103lucirea acesteia STR\u0102LUCIRE DE OTEL INOXIDABIL: str\u0103lucire radiant\u0103 f\u0103r\u0103 zg\u00e2rieturi<\/div>\n<\/div>\n<\/div>\n<\/div>\n<\/div>\n","protected":false},"excerpt":{"rendered":"<p>Descrierea produsului cur\u0103\u021bare puternic\u0103 \u0219i str\u0103lucire carton ecologic realizat din h\u00e2rtie reciclat\u0103 95%. 70 de comprimate cu ambalaj solubil \u00een ap\u0103 ingrediente vegetale f\u0103r\u0103 microplastic Detergentul Tablete pentru ma\u0219ina de sp\u0103lat vase Frosch Lime Classic are o ac\u021biune puternic\u0103 de cur\u0103\u021bare \u00een ma\u0219ina de sp\u0103lat vase \u0219i ofer\u0103 vaselor \u0219i sticlei o str\u0103lucire impecabil\u0103. Formula &hellip; <a href=\"https:\/\/lajoska.kingdroid.eu\/index.php\/termek\/detergent-masina-de-spalat-vase-frosch\/\" class=\"more-link\"><span class=\"screen-reader-text\">detergent masina de spalat vase frosch<\/span> b\u0151vebben&#8230; <span class=\"meta-nav\">&rarr;<\/span><\/a><\/p>\n","protected":false},"featured_media":187,"comment_status":"open","ping_status":"closed","template":"","meta":[],"product_brand":[29],"product_cat":[16],"product_tag":[],"class_list":{"0":"post-186","1":"product","2":"type-product","3":"status-publish","4":"has-post-thumbnail","6":"product_brand-frosch","7":"product_cat-frosch","10":"first","11":"instock","12":"sale","13":"shipping-taxable","14":"purchasable","15":"product-type-simple"},"_links":{"self":[{"href":"https:\/\/lajoska.kingdroid.eu\/index.php\/wp-json\/wp\/v2\/product\/186","targetHints":{"allow":["GET"]}}],"collection":[{"href":"https:\/\/lajoska.kingdroid.eu\/index.php\/wp-json\/wp\/v2\/product"}],"about":[{"href":"https:\/\/lajoska.kingdroid.eu\/index.php\/wp-json\/wp\/v2\/types\/product"}],"replies":[{"embeddable":true,"href":"https:\/\/lajoska.kingdroid.eu\/index.php\/wp-json\/wp\/v2\/comments?post=186"}],"wp:featuredmedia":[{"embeddable":true,"href":"https:\/\/lajoska.kingdroid.eu\/index.php\/wp-json\/wp\/v2\/media\/187"}],"wp:attachment":[{"href":"https:\/\/lajoska.kingdroid.eu\/index.php\/wp-json\/wp\/v2\/media?parent=186"}],"wp:term":[{"taxonomy":"product_brand","embeddable":true,"href":"https:\/\/lajoska.kingdroid.eu\/index.php\/wp-json\/wp\/v2\/product_brand?post=186"},{"taxonomy":"product_cat","embeddable":true,"href":"https:\/\/lajoska.kingdroid.eu\/index.php\/wp-json\/wp\/v2\/product_cat?post=186"},{"taxonomy":"product_tag","embeddable":true,"href":"https:\/\/lajoska.kingdroid.eu\/index.php\/wp-json\/wp\/v2\/product_tag?post=186"}],"curies":[{"name":"wp","href":"https:\/\/api.w.org\/{rel}","templated":true}]}}