{"id":181,"date":"2026-01-31T14:14:44","date_gmt":"2026-01-31T13:14:44","guid":{"rendered":"https:\/\/lajoska.kingdroid.eu\/?post_type=product&#038;p=181"},"modified":"2026-01-31T15:20:20","modified_gmt":"2026-01-31T14:20:20","slug":"dr-backmann-servetele","status":"publish","type":"product","link":"https:\/\/lajoska.kingdroid.eu\/index.php\/termek\/dr-backmann-servetele\/","title":{"rendered":"Dr. Backmann servetele"},"content":{"rendered":"<p>&nbsp;<\/p>\n<p>&nbsp;<\/p>\n<p class=\"subtitle\">Er\u0151sen nedvsz\u00edv\u00f3, extra vastag kend\u0151k a kiold\u00f3dott sz\u00ednez\u0151anyagok ellen<\/p>\n<div class=\"description-size\">\n<p><span class=\"sr-only\">Tartalom:<\/span>\u00a010 Kend\u0151t<\/p>\n<\/div>\n<div class=\"description-text\">\n<ul>\n<li>Ultra er\u0151s v\u00e9delem a kiold\u00f3dott sz\u00ednanyagok \u00e9s a sz\u00ednfakul\u00e1s ellen<\/li>\n<li>Extra vastag kend\u0151, 3 x nagyobb sz\u00ednelnyel\u00e9s*<\/li>\n<li>Ide\u00e1lis a sz\u00ednintenz\u00edv ruh\u00e1khoz, pl. farmer, bl\u00fazok, fekete \u00e9s minden s\u00f6t\u00e9t ruhadarab eset\u00e9n<\/li>\n<li>Lehet\u0151v\u00e9 teszi a k\u00fcl\u00f6nb\u00f6z\u0151 sz\u00edn\u0171 ruh\u00e1k egy\u00fcttes mos\u00e1s\u00e1t<\/li>\n<li>Hogy ruh\u00e1i minden mos\u00e1s ut\u00e1n \u00fagy n\u00e9zzenek ki, mintha \u00fajak lenn\u00e9nek<\/li>\n<\/ul>\n<\/div>\n","protected":false},"excerpt":{"rendered":"<p><a href=\"https:\/\/lajoska.kingdroid.eu\/wp-content\/uploads\/2026\/01\/Br-backann-servetele.png\"><img loading=\"lazy\" decoding=\"async\" class=\"alignnone size-medium wp-image-182\" src=\"https:\/\/lajoska.kingdroid.eu\/wp-content\/uploads\/2026\/01\/Br-backann-servetele-300x300.png\" alt=\"\" width=\"300\" height=\"300\" srcset=\"https:\/\/lajoska.kingdroid.eu\/wp-content\/uploads\/2026\/01\/Br-backann-servetele-300x300.png 300w, https:\/\/lajoska.kingdroid.eu\/wp-content\/uploads\/2026\/01\/Br-backann-servetele-100x100.png 100w, https:\/\/lajoska.kingdroid.eu\/wp-content\/uploads\/2026\/01\/Br-backann-servetele-1024x1024.png 1024w, https:\/\/lajoska.kingdroid.eu\/wp-content\/uploads\/2026\/01\/Br-backann-servetele-150x150.png 150w, https:\/\/lajoska.kingdroid.eu\/wp-content\/uploads\/2026\/01\/Br-backann-servetele-768x768.png 768w, https:\/\/lajoska.kingdroid.eu\/wp-content\/uploads\/2026\/01\/Br-backann-servetele.png 1080w\" sizes=\"auto, (max-width: 300px) 100vw, 300px\" \/><\/a><\/p>\n","protected":false},"featured_media":182,"comment_status":"open","ping_status":"closed","template":"","meta":[],"product_brand":[38],"product_cat":[39],"product_tag":[],"class_list":{"0":"post-181","1":"product","2":"type-product","3":"status-publish","4":"has-post-thumbnail","6":"product_brand-dr-backmann","7":"product_cat-dr-backmann","10":"first","11":"instock","12":"sale","13":"shipping-taxable","14":"purchasable","15":"product-type-simple"},"_links":{"self":[{"href":"https:\/\/lajoska.kingdroid.eu\/index.php\/wp-json\/wp\/v2\/product\/181","targetHints":{"allow":["GET"]}}],"collection":[{"href":"https:\/\/lajoska.kingdroid.eu\/index.php\/wp-json\/wp\/v2\/product"}],"about":[{"href":"https:\/\/lajoska.kingdroid.eu\/index.php\/wp-json\/wp\/v2\/types\/product"}],"replies":[{"embeddable":true,"href":"https:\/\/lajoska.kingdroid.eu\/index.php\/wp-json\/wp\/v2\/comments?post=181"}],"wp:featuredmedia":[{"embeddable":true,"href":"https:\/\/lajoska.kingdroid.eu\/index.php\/wp-json\/wp\/v2\/media\/182"}],"wp:attachment":[{"href":"https:\/\/lajoska.kingdroid.eu\/index.php\/wp-json\/wp\/v2\/media?parent=181"}],"wp:term":[{"taxonomy":"product_brand","embeddable":true,"href":"https:\/\/lajoska.kingdroid.eu\/index.php\/wp-json\/wp\/v2\/product_brand?post=181"},{"taxonomy":"product_cat","embeddable":true,"href":"https:\/\/lajoska.kingdroid.eu\/index.php\/wp-json\/wp\/v2\/product_cat?post=181"},{"taxonomy":"product_tag","embeddable":true,"href":"https:\/\/lajoska.kingdroid.eu\/index.php\/wp-json\/wp\/v2\/product_tag?post=181"}],"curies":[{"name":"wp","href":"https:\/\/api.w.org\/{rel}","templated":true}]}}