{"id":134,"date":"2025-05-19T18:08:20","date_gmt":"2025-05-19T16:08:20","guid":{"rendered":"https:\/\/lajoska.kingdroid.eu\/?post_type=product&#038;p=134"},"modified":"2026-01-31T15:21:25","modified_gmt":"2026-01-31T14:21:25","slug":"solutie-pentru-curatare-plite-ceramice-frosch","status":"publish","type":"product","link":"https:\/\/lajoska.kingdroid.eu\/index.php\/termek\/solutie-pentru-curatare-plite-ceramice-frosch\/","title":{"rendered":"Solutie pentru curatare plite ceramice Frosch"},"content":{"rendered":"<h3 class=\"text-bold-700 mt-3\">Solutie pentru curatare plite ceramice, 300 ml, Frosch [9001531924996]<\/h3>\n<div class=\"mb-3\"><strong>Proprietati:<\/strong>&#8211; curata si degreseaza;<br \/>\n&#8211; parfumul de lamaie adauga un plus de prospetime;<br \/>\n&#8211; usor de utilizat, cu un pulverizator ergonomic pentru aplicare precisa si uniforma.<strong>Mod de utilizare:<\/strong>Pulveriza\u021bi pe suprafa\u021ba de cur\u0103\u021bat, l\u0103sa\u021bi s\u0103 ac\u021bioneze cateva minute, cur\u0103\u021ba\u021bi cu o c\u00e2rp\u0103 umed\u0103, apoi \u0219terge\u021bi suprafa\u021ba cu o c\u00e2rp\u0103 uscat\u0103.<strong>Ingrediente:<\/strong>&lt; 5% s\u0103pun, parfumuri.<br \/>\nMai con\u0163ine: ulei de citrice.<strong>Precautii:<\/strong>A nu se lasa la indemana copiilor.<br \/>\nEvitati contactul cu ochii.<br \/>\nNu utiliza\u021bi un burete de cur\u0103\u021bat dur sau abraziv.<strong>Prezentare:<\/strong>300 ml<\/div>\n","protected":false},"excerpt":{"rendered":"<h3 class=\"text-bold-700 mt-3\">Solutie pentru curatare plite ceramice, 300 ml, Frosch<\/h3>\n","protected":false},"featured_media":135,"comment_status":"open","ping_status":"closed","template":"","meta":[],"product_brand":[29],"product_cat":[16],"product_tag":[31],"class_list":{"0":"post-134","1":"product","2":"type-product","3":"status-publish","4":"has-post-thumbnail","6":"product_brand-frosch","7":"product_cat-frosch","8":"product_tag-frosh","11":"first","12":"instock","13":"shipping-taxable","14":"purchasable","15":"product-type-simple"},"_links":{"self":[{"href":"https:\/\/lajoska.kingdroid.eu\/index.php\/wp-json\/wp\/v2\/product\/134","targetHints":{"allow":["GET"]}}],"collection":[{"href":"https:\/\/lajoska.kingdroid.eu\/index.php\/wp-json\/wp\/v2\/product"}],"about":[{"href":"https:\/\/lajoska.kingdroid.eu\/index.php\/wp-json\/wp\/v2\/types\/product"}],"replies":[{"embeddable":true,"href":"https:\/\/lajoska.kingdroid.eu\/index.php\/wp-json\/wp\/v2\/comments?post=134"}],"wp:featuredmedia":[{"embeddable":true,"href":"https:\/\/lajoska.kingdroid.eu\/index.php\/wp-json\/wp\/v2\/media\/135"}],"wp:attachment":[{"href":"https:\/\/lajoska.kingdroid.eu\/index.php\/wp-json\/wp\/v2\/media?parent=134"}],"wp:term":[{"taxonomy":"product_brand","embeddable":true,"href":"https:\/\/lajoska.kingdroid.eu\/index.php\/wp-json\/wp\/v2\/product_brand?post=134"},{"taxonomy":"product_cat","embeddable":true,"href":"https:\/\/lajoska.kingdroid.eu\/index.php\/wp-json\/wp\/v2\/product_cat?post=134"},{"taxonomy":"product_tag","embeddable":true,"href":"https:\/\/lajoska.kingdroid.eu\/index.php\/wp-json\/wp\/v2\/product_tag?post=134"}],"curies":[{"name":"wp","href":"https:\/\/api.w.org\/{rel}","templated":true}]}}